{"id":267,"date":"2023-11-02T22:19:50","date_gmt":"2023-11-02T22:19:50","guid":{"rendered":"https:\/\/location-moto-marrakech.ma\/?page_id=267"},"modified":"2023-11-03T23:37:54","modified_gmt":"2023-11-03T23:37:54","slug":"sobre-nosotros","status":"publish","type":"page","link":"https:\/\/location-moto-marrakech.ma\/es\/sobre-nosotros\/","title":{"rendered":"Qui\u00e9nes somos"},"content":{"rendered":"<div data-elementor-type=\"wp-page\" data-elementor-id=\"267\" class=\"elementor elementor-267\" data-elementor-post-type=\"page\">\n\t\t\t\t\t\t<section class=\"elementor-section elementor-top-section elementor-element elementor-element-29fb4c43 elementor-section-boxed elementor-section-height-default elementor-section-height-default\" data-id=\"29fb4c43\" data-element_type=\"section\" data-settings=\"{&quot;background_background&quot;:&quot;classic&quot;}\">\n\t\t\t\t\t\t\t<div class=\"elementor-background-overlay\"><\/div>\n\t\t\t\t\t\t\t<div class=\"elementor-container elementor-column-gap-no\">\n\t\t\t\t\t<div class=\"elementor-column elementor-col-50 elementor-top-column elementor-element elementor-element-59d1d4eb\" data-id=\"59d1d4eb\" data-element_type=\"column\">\n\t\t\t<div class=\"elementor-widget-wrap elementor-element-populated\">\n\t\t\t\t\t\t\t<\/div>\n\t\t<\/div>\n\t\t\t\t<div class=\"elementor-column elementor-col-50 elementor-top-column elementor-element elementor-element-f4c7641\" data-id=\"f4c7641\" data-element_type=\"column\">\n\t\t\t<div class=\"elementor-widget-wrap elementor-element-populated\">\n\t\t\t\t\t\t<div class=\"elementor-element elementor-element-2896dd55 elementor-icon-list--layout-inline elementor-align-right elementor-widget__width-auto elementor-list-item-link-full_width elementor-invisible elementor-widget elementor-widget-icon-list\" data-id=\"2896dd55\" data-element_type=\"widget\" data-settings=\"{&quot;_animation&quot;:&quot;fadeInRight&quot;}\" data-widget_type=\"icon-list.default\">\n\t\t\t\t<div class=\"elementor-widget-container\">\n\t\t\t\t\t\t\t<ul class=\"elementor-icon-list-items elementor-inline-items\">\n\t\t\t\t\t\t\t<li class=\"elementor-icon-list-item elementor-inline-item\">\n\t\t\t\t\t\t\t\t\t\t\t<span class=\"elementor-icon-list-icon\">\n\t\t\t\t\t\t\t<svg aria-hidden=\"true\" class=\"e-font-icon-svg e-fas-home\" viewbox=\"0 0 576 512\" xmlns=\"http:\/\/www.w3.org\/2000\/svg\"><path d=\"M280.37 148.26L96 300.11V464a16 16 0 0 0 16 16l112.06-.29a16 16 0 0 0 15.92-16V368a16 16 0 0 1 16-16h64a16 16 0 0 1 16 16v95.64a16 16 0 0 0 16 16.05L464 480a16 16 0 0 0 16-16V300L295.67 148.26a12.19 12.19 0 0 0-15.3 0zM571.6 251.47L488 182.56V44.05a12 12 0 0 0-12-12h-56a12 12 0 0 0-12 12v72.61L318.47 43a48 48 0 0 0-61 0L4.34 251.47a12 12 0 0 0-1.6 16.9l25.5 31A12 12 0 0 0 45.15 301l235.22-193.74a12.19 12.19 0 0 1 15.3 0L530.9 301a12 12 0 0 0 16.9-1.6l25.5-31a12 12 0 0 0-1.7-16.93z\"><\/path><\/svg>\t\t\t\t\t\t<\/span>\n\t\t\t\t\t\t\t\t\t\t<span class=\"elementor-icon-list-text\">motorcycle-Rental<\/span>\n\t\t\t\t\t\t\t\t\t<\/li>\n\t\t\t\t\t\t\t\t<li class=\"elementor-icon-list-item elementor-inline-item\">\n\t\t\t\t\t\t\t\t\t\t\t<span class=\"elementor-icon-list-icon\">\n\t\t\t\t\t\t\t<svg aria-hidden=\"true\" class=\"e-font-icon-svg e-fas-angle-right\" viewbox=\"0 0 256 512\" xmlns=\"http:\/\/www.w3.org\/2000\/svg\"><path d=\"M224.3 273l-136 136c-9.4 9.4-24.6 9.4-33.9 0l-22.6-22.6c-9.4-9.4-9.4-24.6 0-33.9l96.4-96.4-96.4-96.4c-9.4-9.4-9.4-24.6 0-33.9L54.3 103c9.4-9.4 24.6-9.4 33.9 0l136 136c9.5 9.4 9.5 24.6.1 34z\"><\/path><\/svg>\t\t\t\t\t\t<\/span>\n\t\t\t\t\t\t\t\t\t\t<span class=\"elementor-icon-list-text\"><\/span>\n\t\t\t\t\t\t\t\t\t<\/li>\n\t\t\t\t\t\t<\/ul>\n\t\t\t\t\t\t<\/div>\n\t\t\t\t<\/div>\n\t\t\t\t\t<\/div>\n\t\t<\/div>\n\t\t\t\t\t<\/div>\n\t\t<\/section>\n\t\t\t\t<section class=\"elementor-section elementor-top-section elementor-element elementor-element-7afebd96 elementor-section-boxed elementor-section-height-default elementor-section-height-default\" data-id=\"7afebd96\" data-element_type=\"section\">\n\t\t\t\t\t\t<div class=\"elementor-container elementor-column-gap-no\">\n\t\t\t\t\t<div class=\"elementor-column elementor-col-50 elementor-top-column elementor-element elementor-element-3a7c081d\" data-id=\"3a7c081d\" data-element_type=\"column\">\n\t\t\t<div class=\"elementor-widget-wrap elementor-element-populated\">\n\t\t\t\t\t\t<div class=\"elementor-element elementor-element-7cf677e3 elementor-invisible elementor-widget elementor-widget-heading\" data-id=\"7cf677e3\" data-element_type=\"widget\" data-settings=\"{&quot;_animation&quot;:&quot;fadeInUp&quot;}\" data-widget_type=\"heading.default\">\n\t\t\t\t<div class=\"elementor-widget-container\">\n\t\t\t\t\t<h2 class=\"elementor-heading-title elementor-size-default\">\u00e0 propos Motorcycle-Rental<\/h2>\t\t\t\t<\/div>\n\t\t\t\t<\/div>\n\t\t\t\t<div class=\"elementor-element elementor-element-77c53378 elementor-invisible elementor-widget elementor-widget-text-editor\" data-id=\"77c53378\" data-element_type=\"widget\" data-settings=\"{&quot;_animation&quot;:&quot;zoomIn&quot;}\" data-widget_type=\"text-editor.default\">\n\t\t\t\t<div class=\"elementor-widget-container\">\n\t\t\t\t\t\t\t\t\t<p>Le succ\u00e8s de Motorcycle-Rental d\u00e9coule de l&rsquo;engagement de notre \u00e9quipe, de la prestation d&rsquo;un service client de haute qualit\u00e9 et du respect constant de normes \u00e9lev\u00e9es. Nous ne nous contentons pas d&rsquo;offrir la meilleure location de motos \u00e0 Marrakech, au Maroc, nous vous garantissons la meilleure exp\u00e9rience de location de motos.<\/p><p>Nous sommes sp\u00e9cialis\u00e9s dans les circuits \u00e0 v\u00e9lo et Moto personnalis\u00e9s au Maroc, les circuits autoguid\u00e9s \u00e0 v\u00e9lo, les circuits sur mesure et accompagn\u00e9s et la location de voitures sans chauffeur pour susciter des exp\u00e9riences de voyage plus exaltantes et plus enrichissantes.<\/p><p>Notre engagement va au-del\u00e0 de la simple location de motos, car nous mettons \u00e0 votre disposition des v\u00e9hicules de qualit\u00e9 \u00e0 un excellent rapport qualit\u00e9-prix. Nous nous effor\u00e7ons de garantir que chaque client b\u00e9n\u00e9ficie de la meilleure exp\u00e9rience possible, d\u00e9passant constamment leurs attentes. Nos clients satisfaits du monde entier sont la preuve de notre engagement. Consultez nos t\u00e9moignages pour d\u00e9couvrir pourquoi ils choisissent notre service et reviennent pour en savoir plus.<\/p><p>Motorcycle-Rental cumule plus de 9 ann\u00e9es d&rsquo;exp\u00e9rience dans le secteur de la location. Nous sommes une entreprise solidement \u00e9tablie, ce qui devrait vous donner la tranquillit\u00e9 d&rsquo;esprit et la confiance que nous ma\u00eetrisons notre m\u00e9tier. Contrairement \u00e0 certains concurrents qui pr\u00e9tendent \u00eatre impliqu\u00e9s dans les motos depuis 5 \u00e0 7 ans, nous avons une v\u00e9ritable exp\u00e9rience, avec plus de 7 ans de gestion d&rsquo;une flotte de plus de 18 motos et voitures. Notre expertise est la raison pour laquelle nous avons des clients satisfaits du monde entier.<\/p><p>Motorcycle-Rental est bas\u00e9 \u00e0 Bouakaz, \u00e0 seulement 5 minutes \u00e0 pied de l&rsquo;a\u00e9roport. Nous pouvons \u00e9galement livrer une moto \u00e0 l&rsquo;a\u00e9roport. Notre emplacement est id\u00e9al pour acc\u00e9der aux grands axes routiers, et nous sommes pr\u00eats \u00e0 r\u00e9pondre \u00e0 vos besoins, que vous soyez novice, un pilote exp\u00e9riment\u00e9 ou m\u00eame un retrait\u00e9 souhaitant reprendre la route.<\/p><p>\u00a0<\/p>\t\t\t\t\t\t\t\t<\/div>\n\t\t\t\t<\/div>\n\t\t\t\t<div class=\"elementor-element elementor-element-f85851a elementor-widget__width-initial elementor-widget elementor-widget-button\" data-id=\"f85851a\" data-element_type=\"widget\" data-widget_type=\"button.default\">\n\t\t\t\t<div class=\"elementor-widget-container\">\n\t\t\t\t\t\t\t\t\t<div class=\"elementor-button-wrapper\">\n\t\t\t\t\t<a class=\"elementor-button elementor-button-link elementor-size-sm\" href=\"https:\/\/location-moto-marrakech.ma\/es\/nuestras-motos\/\">\n\t\t\t\t\t\t<span class=\"elementor-button-content-wrapper\">\n\t\t\t\t\t\t\t\t\t<span class=\"elementor-button-text\">Nos motos<\/span>\n\t\t\t\t\t<\/span>\n\t\t\t\t\t<\/a>\n\t\t\t\t<\/div>\n\t\t\t\t\t\t\t\t<\/div>\n\t\t\t\t<\/div>\n\t\t\t\t<div class=\"elementor-element elementor-element-63e0788 elementor-widget__width-initial elementor-widget elementor-widget-button\" data-id=\"63e0788\" data-element_type=\"widget\" data-widget_type=\"button.default\">\n\t\t\t\t<div class=\"elementor-widget-container\">\n\t\t\t\t\t\t\t\t\t<div class=\"elementor-button-wrapper\">\n\t\t\t\t\t<a class=\"elementor-button elementor-button-link elementor-size-sm\" href=\"#\">\n\t\t\t\t\t\t<span class=\"elementor-button-content-wrapper\">\n\t\t\t\t\t\t\t\t\t<span class=\"elementor-button-text\"> CONTACTEZ NOUS SUR WHATSAPP<\/span>\n\t\t\t\t\t<\/span>\n\t\t\t\t\t<\/a>\n\t\t\t\t<\/div>\n\t\t\t\t\t\t\t\t<\/div>\n\t\t\t\t<\/div>\n\t\t\t\t\t<\/div>\n\t\t<\/div>\n\t\t\t\t<div class=\"elementor-column elementor-col-50 elementor-top-column elementor-element elementor-element-68bdc88\" data-id=\"68bdc88\" data-element_type=\"column\">\n\t\t\t<div class=\"elementor-widget-wrap elementor-element-populated\">\n\t\t\t\t\t\t<div class=\"elementor-element elementor-element-1e69340 elementor-widget elementor-widget-image\" data-id=\"1e69340\" data-element_type=\"widget\" data-widget_type=\"image.default\">\n\t\t\t\t<div class=\"elementor-widget-container\">\n\t\t\t\t\t\t\t\t\t\t\t\t\t\t\t<img fetchpriority=\"high\" decoding=\"async\" width=\"567\" height=\"1024\" src=\"https:\/\/location-moto-marrakech.ma\/wp-content\/uploads\/2023\/11\/about-motorcycle-rental.jpeg\" class=\"attachment-large size-large wp-image-290\" alt=\"\" srcset=\"https:\/\/location-moto-marrakech.ma\/wp-content\/uploads\/2023\/11\/about-motorcycle-rental.jpeg 567w, https:\/\/location-moto-marrakech.ma\/wp-content\/uploads\/2023\/11\/about-motorcycle-rental-166x300.jpeg 166w\" sizes=\"(max-width: 567px) 100vw, 567px\" \/>\t\t\t\t\t\t\t\t\t\t\t\t\t\t\t<\/div>\n\t\t\t\t<\/div>\n\t\t\t\t\t<\/div>\n\t\t<\/div>\n\t\t\t\t\t<\/div>\n\t\t<\/section>\n\t\t\t\t<\/div>","protected":false},"excerpt":{"rendered":"<p>motorcycle-Rental \u00e0 propos Motorcycle-Rental Le succ\u00e8s de Motorcycle-Rental d\u00e9coule de l&rsquo;engagement de notre \u00e9quipe, de la prestation d&rsquo;un service client de haute qualit\u00e9 et du respect constant de normes \u00e9lev\u00e9es. Nous ne nous contentons pas d&rsquo;offrir la meilleure location de motos \u00e0 Marrakech, au Maroc, nous vous garantissons la meilleure exp\u00e9rience de location de motos. [&hellip;]<\/p>","protected":false},"author":1,"featured_media":0,"parent":0,"menu_order":0,"comment_status":"closed","ping_status":"closed","template":"","meta":{"_joinchat":[],"footnotes":""},"class_list":["post-267","page","type-page","status-publish","hentry"],"_links":{"self":[{"href":"https:\/\/location-moto-marrakech.ma\/es\/wp-json\/wp\/v2\/pages\/267","targetHints":{"allow":["GET"]}}],"collection":[{"href":"https:\/\/location-moto-marrakech.ma\/es\/wp-json\/wp\/v2\/pages"}],"about":[{"href":"https:\/\/location-moto-marrakech.ma\/es\/wp-json\/wp\/v2\/types\/page"}],"author":[{"embeddable":true,"href":"https:\/\/location-moto-marrakech.ma\/es\/wp-json\/wp\/v2\/users\/1"}],"replies":[{"embeddable":true,"href":"https:\/\/location-moto-marrakech.ma\/es\/wp-json\/wp\/v2\/comments?post=267"}],"version-history":[{"count":0,"href":"https:\/\/location-moto-marrakech.ma\/es\/wp-json\/wp\/v2\/pages\/267\/revisions"}],"wp:attachment":[{"href":"https:\/\/location-moto-marrakech.ma\/es\/wp-json\/wp\/v2\/media?parent=267"}],"curies":[{"name":"wp","href":"https:\/\/api.w.org\/{rel}","templated":true}]}}